{"id":123,"date":"2018-11-10T16:44:35","date_gmt":"2018-11-10T16:44:35","guid":{"rendered":"http:\/\/2020.rakterhutok.hu\/?page_id=123"},"modified":"2020-11-30T10:45:53","modified_gmt":"2020-11-30T09:45:53","slug":"felepitmeny","status":"publish","type":"page","link":"https:\/\/rakterhutok.hu\/en\/felepitmeny\/","title":{"rendered":"Box trucks"},"content":{"rendered":"<div data-elementor-type=\"wp-post\" data-elementor-id=\"123\" class=\"elementor elementor-123\" data-elementor-settings=\"[]\">\n\t\t\t\t\t\t<div class=\"elementor-inner\">\n\t\t\t\t\t\t\t<div class=\"elementor-section-wrap\">\n\t\t\t\t\t\t\t<section class=\"elementor-section elementor-top-section elementor-element elementor-element-370aaeb elementor-section-stretched elementor-section-full_width elementor-section-height-default elementor-section-height-default\" data-id=\"370aaeb\" data-element_type=\"section\" data-settings=\"{&quot;stretch_section&quot;:&quot;section-stretched&quot;}\">\n\t\t\t\t\t\t<div class=\"elementor-container elementor-column-gap-no\">\n\t\t\t\t\t\t\t<div class=\"elementor-row\">\n\t\t\t\t\t<div class=\"elementor-column elementor-col-100 elementor-top-column elementor-element elementor-element-4eb01ef\" data-id=\"4eb01ef\" data-element_type=\"column\">\n\t\t\t<div class=\"elementor-column-wrap elementor-element-populated\">\n\t\t\t\t\t\t\t<div class=\"elementor-widget-wrap\">\n\t\t\t\t\t\t<div class=\"elementor-element elementor-element-b4fe0ee animated-slow elementor-invisible elementor-widget elementor-widget-image\" data-id=\"b4fe0ee\" data-element_type=\"widget\" data-settings=\"{&quot;_animation&quot;:&quot;fadeIn&quot;}\" data-widget_type=\"image.default\">\n\t\t\t\t<div class=\"elementor-widget-container\">\n\t\t\t\t\t\t\t\t<div class=\"elementor-image\">\n\t\t\t\t\t\t\t\t\t\t\t\t<img width=\"2042\" height=\"511\" src=\"https:\/\/rakterhutok.hu\/wp-content\/uploads\/2018\/11\/20160910_165703.jpg\" class=\"attachment-full size-full\" alt=\"felepitmenyheader\" loading=\"lazy\" srcset=\"https:\/\/rakterhutok.hu\/wp-content\/uploads\/2018\/11\/20160910_165703.jpg 2042w, https:\/\/rakterhutok.hu\/wp-content\/uploads\/2018\/11\/20160910_165703-300x75.jpg 300w, https:\/\/rakterhutok.hu\/wp-content\/uploads\/2018\/11\/20160910_165703-768x192.jpg 768w, https:\/\/rakterhutok.hu\/wp-content\/uploads\/2018\/11\/20160910_165703-1024x256.jpg 1024w\" sizes=\"(max-width: 2042px) 100vw, 2042px\" \/>\t\t\t\t\t\t\t\t\t\t\t\t\t\t<\/div>\n\t\t\t\t\t\t<\/div>\n\t\t\t\t<\/div>\n\t\t\t\t\t\t<\/div>\n\t\t\t\t\t<\/div>\n\t\t<\/div>\n\t\t\t\t\t\t\t\t<\/div>\n\t\t\t\t\t<\/div>\n\t\t<\/section>\n\t\t\t\t<section class=\"elementor-section elementor-top-section elementor-element elementor-element-9f9a92e elementor-section-boxed elementor-section-height-default elementor-section-height-default\" data-id=\"9f9a92e\" data-element_type=\"section\" data-settings=\"{&quot;background_background&quot;:&quot;classic&quot;}\">\n\t\t\t\t\t\t<div class=\"elementor-container elementor-column-gap-default\">\n\t\t\t\t\t\t\t<div class=\"elementor-row\">\n\t\t\t\t\t<div class=\"elementor-column elementor-col-100 elementor-top-column elementor-element elementor-element-90fff83\" data-id=\"90fff83\" data-element_type=\"column\">\n\t\t\t<div class=\"elementor-column-wrap elementor-element-populated\">\n\t\t\t\t\t\t\t<div class=\"elementor-widget-wrap\">\n\t\t\t\t\t\t<div class=\"elementor-element elementor-element-c08f5c2 animated-slow elementor-invisible elementor-widget elementor-widget-heading\" data-id=\"c08f5c2\" data-element_type=\"widget\" data-settings=\"{&quot;_animation&quot;:&quot;fadeIn&quot;,&quot;_animation_delay&quot;:100}\" data-widget_type=\"heading.default\">\n\t\t\t\t<div class=\"elementor-widget-container\">\n\t\t\t<h1 class=\"elementor-heading-title elementor-size-default\">Box trucks<\/h1>\t\t<\/div>\n\t\t\t\t<\/div>\n\t\t\t\t<div class=\"elementor-element elementor-element-81cb6bd animated-slow elementor-invisible elementor-widget elementor-widget-text-editor\" data-id=\"81cb6bd\" data-element_type=\"widget\" data-settings=\"{&quot;_animation&quot;:&quot;fadeIn&quot;,&quot;_animation_delay&quot;:150}\" data-widget_type=\"text-editor.default\">\n\t\t\t\t<div class=\"elementor-widget-container\">\n\t\t\t\t\t\t\t\t<div class=\"elementor-text-editor elementor-clearfix\">\n\t\t\t\t<p class=\" translation-block\">Box trucks - chassis cab vehicles with custom box-shaped cargo areas - are popular for good reasons. It can have substantially bigger useful volume than vans and it is customizable down to the smallest details. If you want to make use of the vehicle category\u2019s limits, we recommend choosing this type. We offer \u201cdry boxes\u201d, made of aluminum, for general goods like beverages or conserved food, and insulated, refrigerated ones that can be capable of deep freezing for perishable foodstuffs, frozen goods, etc.\n<br><br>\nThe box can be sized precisely. The completed vehicle is equipped with all the necessary accessories (break lights, turn signals, etc.) and any further desired equipment, like the heating and cooling systems, shelves, lashing tracks, air ventilation solutions and so on.<\/p>\t\t\t\t\t<\/div>\n\t\t\t\t\t\t<\/div>\n\t\t\t\t<\/div>\n\t\t\t\t\t\t<\/div>\n\t\t\t\t\t<\/div>\n\t\t<\/div>\n\t\t\t\t\t\t\t\t<\/div>\n\t\t\t\t\t<\/div>\n\t\t<\/section>\n\t\t\t\t<section class=\"elementor-section elementor-top-section elementor-element elementor-element-4aac44f elementor-section-boxed elementor-section-height-default elementor-section-height-default\" data-id=\"4aac44f\" data-element_type=\"section\" data-settings=\"{&quot;background_background&quot;:&quot;classic&quot;}\">\n\t\t\t\t\t\t<div class=\"elementor-container elementor-column-gap-default\">\n\t\t\t\t\t\t\t<div class=\"elementor-row\">\n\t\t\t\t\t<div class=\"elementor-column elementor-col-100 elementor-top-column elementor-element elementor-element-333b960\" data-id=\"333b960\" data-element_type=\"column\">\n\t\t\t<div class=\"elementor-column-wrap elementor-element-populated\">\n\t\t\t\t\t\t\t<div class=\"elementor-widget-wrap\">\n\t\t\t\t\t\t<div class=\"elementor-element elementor-element-b46d2bb animated-slow elementor-invisible elementor-widget elementor-widget-heading\" data-id=\"b46d2bb\" data-element_type=\"widget\" data-settings=\"{&quot;_animation&quot;:&quot;fadeInDown&quot;}\" data-widget_type=\"heading.default\">\n\t\t\t\t<div class=\"elementor-widget-container\">\n\t\t\t<h2 class=\"elementor-heading-title elementor-size-default\">Chassis<\/h2>\t\t<\/div>\n\t\t\t\t<\/div>\n\t\t\t\t\t\t<\/div>\n\t\t\t\t\t<\/div>\n\t\t<\/div>\n\t\t\t\t\t\t\t\t<\/div>\n\t\t\t\t\t<\/div>\n\t\t<\/section>\n\t\t\t\t<section class=\"elementor-section elementor-top-section elementor-element elementor-element-93d9423 elementor-section-boxed elementor-section-height-default elementor-section-height-default\" data-id=\"93d9423\" data-element_type=\"section\">\n\t\t\t\t\t\t<div class=\"elementor-container elementor-column-gap-default\">\n\t\t\t\t\t\t\t<div class=\"elementor-row\">\n\t\t\t\t\t<div class=\"elementor-column elementor-col-50 elementor-top-column elementor-element elementor-element-70fd7a1 elementor-invisible\" data-id=\"70fd7a1\" data-element_type=\"column\" data-settings=\"{&quot;animation&quot;:&quot;fadeInLeft&quot;}\">\n\t\t\t<div class=\"elementor-column-wrap elementor-element-populated\">\n\t\t\t\t\t\t\t<div class=\"elementor-widget-wrap\">\n\t\t\t\t\t\t<div class=\"elementor-element elementor-element-8d32a4a elementor-widget elementor-widget-image\" data-id=\"8d32a4a\" data-element_type=\"widget\" data-widget_type=\"image.default\">\n\t\t\t\t<div class=\"elementor-widget-container\">\n\t\t\t\t\t\t\t\t<div class=\"elementor-image\">\n\t\t\t\t\t\t\t\t\t\t\t\t<img width=\"1024\" height=\"575\" src=\"https:\/\/rakterhutok.hu\/wp-content\/uploads\/2018\/11\/alvaz001-1024x575.jpg\" class=\"attachment-large size-large\" alt=\"alvaz001\" loading=\"lazy\" srcset=\"https:\/\/rakterhutok.hu\/wp-content\/uploads\/2018\/11\/alvaz001-1024x575.jpg 1024w, https:\/\/rakterhutok.hu\/wp-content\/uploads\/2018\/11\/alvaz001-300x169.jpg 300w, https:\/\/rakterhutok.hu\/wp-content\/uploads\/2018\/11\/alvaz001-768x432.jpg 768w, https:\/\/rakterhutok.hu\/wp-content\/uploads\/2018\/11\/alvaz001.jpg 1500w\" sizes=\"(max-width: 1024px) 100vw, 1024px\" \/>\t\t\t\t\t\t\t\t\t\t\t\t\t\t<\/div>\n\t\t\t\t\t\t<\/div>\n\t\t\t\t<\/div>\n\t\t\t\t<div class=\"elementor-element elementor-element-e1fbfce elementor-widget elementor-widget-heading\" data-id=\"e1fbfce\" data-element_type=\"widget\" data-widget_type=\"heading.default\">\n\t\t\t\t<div class=\"elementor-widget-container\">\n\t\t\t<h2 class=\"elementor-heading-title elementor-size-default\">Regular Chassis<\/h2>\t\t<\/div>\n\t\t\t\t<\/div>\n\t\t\t\t<div class=\"elementor-element elementor-element-d19c480 elementor-widget elementor-widget-text-editor\" data-id=\"d19c480\" data-element_type=\"widget\" data-widget_type=\"text-editor.default\">\n\t\t\t\t<div class=\"elementor-widget-container\">\n\t\t\t\t\t\t\t\t<div class=\"elementor-text-editor elementor-clearfix\">\n\t\t\t\t<p>The regular chassis cab vehicle is a self-supporting structure that requires no further reinforcements. The superstructure is mounted above the wheels so the floor level is higher, but completely level from wall to wall (no wheel arches). Tail lifts can be mounted on this type.<\/p>\t\t\t\t\t<\/div>\n\t\t\t\t\t\t<\/div>\n\t\t\t\t<\/div>\n\t\t\t\t\t\t<\/div>\n\t\t\t\t\t<\/div>\n\t\t<\/div>\n\t\t\t\t<div class=\"elementor-column elementor-col-50 elementor-top-column elementor-element elementor-element-1d25601 elementor-invisible\" data-id=\"1d25601\" data-element_type=\"column\" data-settings=\"{&quot;animation&quot;:&quot;fadeInRight&quot;}\">\n\t\t\t<div class=\"elementor-column-wrap elementor-element-populated\">\n\t\t\t\t\t\t\t<div class=\"elementor-widget-wrap\">\n\t\t\t\t\t\t<div class=\"elementor-element elementor-element-4c9949c elementor-widget elementor-widget-image\" data-id=\"4c9949c\" data-element_type=\"widget\" data-widget_type=\"image.default\">\n\t\t\t\t<div class=\"elementor-widget-container\">\n\t\t\t\t\t\t\t\t<div class=\"elementor-image\">\n\t\t\t\t\t\t\t\t\t\t\t\t<img width=\"1024\" height=\"575\" src=\"https:\/\/rakterhutok.hu\/wp-content\/uploads\/2018\/11\/padlolemez001-1024x575.jpg\" class=\"attachment-large size-large\" alt=\"\" loading=\"lazy\" srcset=\"https:\/\/rakterhutok.hu\/wp-content\/uploads\/2018\/11\/padlolemez001-1024x575.jpg 1024w, https:\/\/rakterhutok.hu\/wp-content\/uploads\/2018\/11\/padlolemez001-300x169.jpg 300w, https:\/\/rakterhutok.hu\/wp-content\/uploads\/2018\/11\/padlolemez001-768x432.jpg 768w, https:\/\/rakterhutok.hu\/wp-content\/uploads\/2018\/11\/padlolemez001.jpg 1500w\" sizes=\"(max-width: 1024px) 100vw, 1024px\" \/>\t\t\t\t\t\t\t\t\t\t\t\t\t\t<\/div>\n\t\t\t\t\t\t<\/div>\n\t\t\t\t<\/div>\n\t\t\t\t<div class=\"elementor-element elementor-element-fe9aa6b elementor-widget elementor-widget-heading\" data-id=\"fe9aa6b\" data-element_type=\"widget\" data-widget_type=\"heading.default\">\n\t\t\t\t<div class=\"elementor-widget-container\">\n\t\t\t<h2 class=\"elementor-heading-title elementor-size-default\">Platform<\/h2>\t\t<\/div>\n\t\t\t\t<\/div>\n\t\t\t\t<div class=\"elementor-element elementor-element-fadbb9b elementor-widget elementor-widget-text-editor\" data-id=\"fadbb9b\" data-element_type=\"widget\" data-widget_type=\"text-editor.default\">\n\t\t\t\t<div class=\"elementor-widget-container\">\n\t\t\t\t\t\t\t\t<div class=\"elementor-text-editor elementor-clearfix\">\n\t\t\t\t<p>The platform cab contains basically the cab and th powertrain. To make it roadworthy during box construction the platform is reinforced with an additional subframe. This type allows for a somewhat lower base weight and a lower floor level. The completed box is equipped with wheel arches.<\/p>\t\t\t\t\t<\/div>\n\t\t\t\t\t\t<\/div>\n\t\t\t\t<\/div>\n\t\t\t\t\t\t<\/div>\n\t\t\t\t\t<\/div>\n\t\t<\/div>\n\t\t\t\t\t\t\t\t<\/div>\n\t\t\t\t\t<\/div>\n\t\t<\/section>\n\t\t\t\t<section class=\"elementor-section elementor-top-section elementor-element elementor-element-4784695 elementor-section-boxed elementor-section-height-default elementor-section-height-default\" data-id=\"4784695\" data-element_type=\"section\" data-settings=\"{&quot;background_background&quot;:&quot;classic&quot;}\">\n\t\t\t\t\t\t<div class=\"elementor-container elementor-column-gap-default\">\n\t\t\t\t\t\t\t<div class=\"elementor-row\">\n\t\t\t\t\t<div class=\"elementor-column elementor-col-100 elementor-top-column elementor-element elementor-element-eba6622\" data-id=\"eba6622\" data-element_type=\"column\">\n\t\t\t<div class=\"elementor-column-wrap elementor-element-populated\">\n\t\t\t\t\t\t\t<div class=\"elementor-widget-wrap\">\n\t\t\t\t\t\t<div class=\"elementor-element elementor-element-ee70909 animated-slow elementor-invisible elementor-widget elementor-widget-heading\" data-id=\"ee70909\" data-element_type=\"widget\" data-settings=\"{&quot;_animation&quot;:&quot;fadeInDown&quot;}\" data-widget_type=\"heading.default\">\n\t\t\t\t<div class=\"elementor-widget-container\">\n\t\t\t<h2 class=\"elementor-heading-title elementor-size-default\">The box<\/h2>\t\t<\/div>\n\t\t\t\t<\/div>\n\t\t\t\t\t\t<\/div>\n\t\t\t\t\t<\/div>\n\t\t<\/div>\n\t\t\t\t\t\t\t\t<\/div>\n\t\t\t\t\t<\/div>\n\t\t<\/section>\n\t\t\t\t<section class=\"elementor-section elementor-top-section elementor-element elementor-element-a4d942c elementor-section-boxed elementor-section-height-default elementor-section-height-default\" data-id=\"a4d942c\" data-element_type=\"section\" data-settings=\"{&quot;background_background&quot;:&quot;classic&quot;}\">\n\t\t\t\t\t\t<div class=\"elementor-container elementor-column-gap-default\">\n\t\t\t\t\t\t\t<div class=\"elementor-row\">\n\t\t\t\t\t<div class=\"elementor-column elementor-col-50 elementor-top-column elementor-element elementor-element-cceaf7c elementor-invisible\" data-id=\"cceaf7c\" data-element_type=\"column\" data-settings=\"{&quot;animation&quot;:&quot;fadeInLeft&quot;}\">\n\t\t\t<div class=\"elementor-column-wrap elementor-element-populated\">\n\t\t\t\t\t\t\t<div class=\"elementor-widget-wrap\">\n\t\t\t\t\t\t<div class=\"elementor-element elementor-element-64b0f6d elementor-widget elementor-widget-image\" data-id=\"64b0f6d\" data-element_type=\"widget\" data-widget_type=\"image.default\">\n\t\t\t\t<div class=\"elementor-widget-container\">\n\t\t\t\t\t\t\t\t<div class=\"elementor-image\">\n\t\t\t\t\t\t\t\t\t\t\t\t<img width=\"1000\" height=\"1000\" src=\"https:\/\/rakterhutok.hu\/wp-content\/uploads\/2018\/11\/SS_20160910_165735-1.jpg\" class=\"attachment-large size-large\" alt=\"hoszidoboz\" loading=\"lazy\" srcset=\"https:\/\/rakterhutok.hu\/wp-content\/uploads\/2018\/11\/SS_20160910_165735-1.jpg 1000w, https:\/\/rakterhutok.hu\/wp-content\/uploads\/2018\/11\/SS_20160910_165735-1-150x150.jpg 150w, https:\/\/rakterhutok.hu\/wp-content\/uploads\/2018\/11\/SS_20160910_165735-1-300x300.jpg 300w, https:\/\/rakterhutok.hu\/wp-content\/uploads\/2018\/11\/SS_20160910_165735-1-768x768.jpg 768w\" sizes=\"(max-width: 1000px) 100vw, 1000px\" \/>\t\t\t\t\t\t\t\t\t\t\t\t\t\t<\/div>\n\t\t\t\t\t\t<\/div>\n\t\t\t\t<\/div>\n\t\t\t\t<div class=\"elementor-element elementor-element-33fca0d elementor-widget elementor-widget-heading\" data-id=\"33fca0d\" data-element_type=\"widget\" data-widget_type=\"heading.default\">\n\t\t\t\t<div class=\"elementor-widget-container\">\n\t\t\t<h2 class=\"elementor-heading-title elementor-size-default\">Insulated box<\/h2>\t\t<\/div>\n\t\t\t\t<\/div>\n\t\t\t\t<div class=\"elementor-element elementor-element-70c761b elementor-widget elementor-widget-text-editor\" data-id=\"70c761b\" data-element_type=\"widget\" data-widget_type=\"text-editor.default\">\n\t\t\t\t<div class=\"elementor-widget-container\">\n\t\t\t\t\t\t\t\t<div class=\"elementor-text-editor elementor-clearfix\">\n\t\t\t\t<p>The insulated box is made of layered panels, and covered with glass fibre reinforced plastic sheets. The edges are reinforced with stainless steel and aluminium. It\u2019s floor is coated with a heavy duty, wear-proof synthetic resin coating. Airtight, insulated doors can be installed on both sides and rear.<\/p>\t\t\t\t\t<\/div>\n\t\t\t\t\t\t<\/div>\n\t\t\t\t<\/div>\n\t\t\t\t\t\t<\/div>\n\t\t\t\t\t<\/div>\n\t\t<\/div>\n\t\t\t\t<div class=\"elementor-column elementor-col-50 elementor-top-column elementor-element elementor-element-0362e8b elementor-invisible\" data-id=\"0362e8b\" data-element_type=\"column\" data-settings=\"{&quot;animation&quot;:&quot;fadeInRight&quot;}\">\n\t\t\t<div class=\"elementor-column-wrap elementor-element-populated\">\n\t\t\t\t\t\t\t<div class=\"elementor-widget-wrap\">\n\t\t\t\t\t\t<div class=\"elementor-element elementor-element-e319681 elementor-widget elementor-widget-image\" data-id=\"e319681\" data-element_type=\"widget\" data-widget_type=\"image.default\">\n\t\t\t\t<div class=\"elementor-widget-container\">\n\t\t\t\t\t\t\t\t<div class=\"elementor-image\">\n\t\t\t\t\t\t\t\t\t\t\t\t<img width=\"1000\" height=\"1000\" src=\"https:\/\/rakterhutok.hu\/wp-content\/uploads\/2018\/11\/SS_IMG_4256.jpg\" class=\"attachment-large size-large\" alt=\"aludoboz\" loading=\"lazy\" srcset=\"https:\/\/rakterhutok.hu\/wp-content\/uploads\/2018\/11\/SS_IMG_4256.jpg 1000w, https:\/\/rakterhutok.hu\/wp-content\/uploads\/2018\/11\/SS_IMG_4256-150x150.jpg 150w, https:\/\/rakterhutok.hu\/wp-content\/uploads\/2018\/11\/SS_IMG_4256-300x300.jpg 300w, https:\/\/rakterhutok.hu\/wp-content\/uploads\/2018\/11\/SS_IMG_4256-768x768.jpg 768w\" sizes=\"(max-width: 1000px) 100vw, 1000px\" \/>\t\t\t\t\t\t\t\t\t\t\t\t\t\t<\/div>\n\t\t\t\t\t\t<\/div>\n\t\t\t\t<\/div>\n\t\t\t\t<div class=\"elementor-element elementor-element-e3c1091 elementor-widget elementor-widget-heading\" data-id=\"e3c1091\" data-element_type=\"widget\" data-widget_type=\"heading.default\">\n\t\t\t\t<div class=\"elementor-widget-container\">\n\t\t\t<h2 class=\"elementor-heading-title elementor-size-default\">Aluminium box<\/h2>\t\t<\/div>\n\t\t\t\t<\/div>\n\t\t\t\t<div class=\"elementor-element elementor-element-c8e7d0b elementor-widget elementor-widget-text-editor\" data-id=\"c8e7d0b\" data-element_type=\"widget\" data-widget_type=\"text-editor.default\">\n\t\t\t\t<div class=\"elementor-widget-container\">\n\t\t\t\t\t\t\t\t<div class=\"elementor-text-editor elementor-clearfix\">\n\t\t\t\t<p>The aluminium box is suitable for transporting general goods that do not require controlled temperatures. The light but tough aluminium panel walls are reinforced with horizontal box section beams. To protect the walls and the cargo, the inner surfaces can be covered with plywood, fiberboard or glass fibre reinforced plastic.<\/p>\t\t\t\t\t<\/div>\n\t\t\t\t\t\t<\/div>\n\t\t\t\t<\/div>\n\t\t\t\t\t\t<\/div>\n\t\t\t\t\t<\/div>\n\t\t<\/div>\n\t\t\t\t\t\t\t\t<\/div>\n\t\t\t\t\t<\/div>\n\t\t<\/section>\n\t\t\t\t<section class=\"elementor-section elementor-top-section elementor-element elementor-element-ce700e6 elementor-section-stretched elementor-section-full_width elementor-section-height-default elementor-section-height-default\" data-id=\"ce700e6\" data-element_type=\"section\" data-settings=\"{&quot;stretch_section&quot;:&quot;section-stretched&quot;}\">\n\t\t\t\t\t\t<div class=\"elementor-container elementor-column-gap-no\">\n\t\t\t\t\t\t\t<div class=\"elementor-row\">\n\t\t\t\t\t<div class=\"elementor-column elementor-col-100 elementor-top-column elementor-element elementor-element-520817c\" data-id=\"520817c\" data-element_type=\"column\">\n\t\t\t<div class=\"elementor-column-wrap elementor-element-populated\">\n\t\t\t\t\t\t\t<div class=\"elementor-widget-wrap\">\n\t\t\t\t\t\t<div class=\"elementor-element elementor-element-2f34a76 elementor-arrows-position-inside elementor-pagination-position-outside elementor-widget elementor-widget-image-carousel\" data-id=\"2f34a76\" data-element_type=\"widget\" data-settings=\"{&quot;slides_to_show&quot;:&quot;1&quot;,&quot;pause_on_hover&quot;:&quot;no&quot;,&quot;autoplay_speed&quot;:2000,&quot;navigation&quot;:&quot;both&quot;,&quot;autoplay&quot;:&quot;yes&quot;,&quot;pause_on_interaction&quot;:&quot;yes&quot;,&quot;infinite&quot;:&quot;yes&quot;,&quot;effect&quot;:&quot;slide&quot;,&quot;speed&quot;:500}\" data-widget_type=\"image-carousel.default\">\n\t\t\t\t<div class=\"elementor-widget-container\">\n\t\t\t\t\t<div class=\"elementor-image-carousel-wrapper swiper-container\" dir=\"ltr\">\n\t\t\t<div class=\"elementor-image-carousel swiper-wrapper\">\n\t\t\t\t\t\t\t\t<div class=\"swiper-slide\"><figure class=\"swiper-slide-inner\"><img class=\"swiper-slide-image\" src=\"https:\/\/rakterhutok.hu\/wp-content\/uploads\/2019\/08\/2009-12-31-11.33.35.jpg\" alt=\"2009-12-31 11.33.35\" \/><\/figure><\/div><div class=\"swiper-slide\"><figure class=\"swiper-slide-inner\"><img class=\"swiper-slide-image\" src=\"https:\/\/rakterhutok.hu\/wp-content\/uploads\/2019\/08\/2009-12-31-11.33.57.jpg\" alt=\"2009-12-31 11.33.57\" \/><\/figure><\/div><div class=\"swiper-slide\"><figure class=\"swiper-slide-inner\"><img class=\"swiper-slide-image\" src=\"https:\/\/rakterhutok.hu\/wp-content\/uploads\/2019\/08\/2010-03-17-14.40.43.jpg\" alt=\"2010-03-17 14.40.43\" \/><\/figure><\/div><div class=\"swiper-slide\"><figure class=\"swiper-slide-inner\"><img class=\"swiper-slide-image\" src=\"https:\/\/rakterhutok.hu\/wp-content\/uploads\/2019\/08\/20160127_082240.jpg\" alt=\"20160127_082240\" \/><\/figure><\/div><div class=\"swiper-slide\"><figure class=\"swiper-slide-inner\"><img class=\"swiper-slide-image\" src=\"https:\/\/rakterhutok.hu\/wp-content\/uploads\/2019\/08\/20160207_133617.jpg\" alt=\"20160207_133617\" \/><\/figure><\/div><div class=\"swiper-slide\"><figure class=\"swiper-slide-inner\"><img class=\"swiper-slide-image\" src=\"https:\/\/rakterhutok.hu\/wp-content\/uploads\/2019\/08\/20160910_165614.jpg\" alt=\"20160910_165614\" \/><\/figure><\/div><div class=\"swiper-slide\"><figure class=\"swiper-slide-inner\"><img class=\"swiper-slide-image\" src=\"https:\/\/rakterhutok.hu\/wp-content\/uploads\/2019\/08\/20161229_110221.jpg\" alt=\"20161229_110221\" \/><\/figure><\/div>\t\t\t<\/div>\n\t\t\t\t\t\t\t\t\t\t\t\t<div class=\"swiper-pagination\"><\/div>\n\t\t\t\t\t\t\t\t\t\t\t\t\t<div class=\"elementor-swiper-button elementor-swiper-button-prev\">\n\t\t\t\t\t\t<i class=\"eicon-chevron-left\" aria-hidden=\"true\"><\/i>\n\t\t\t\t\t\t<span class=\"elementor-screen-only\">Previous<\/span>\n\t\t\t\t\t<\/div>\n\t\t\t\t\t<div class=\"elementor-swiper-button elementor-swiper-button-next\">\n\t\t\t\t\t\t<i class=\"eicon-chevron-right\" aria-hidden=\"true\"><\/i>\n\t\t\t\t\t\t<span class=\"elementor-screen-only\">Next<\/span>\n\t\t\t\t\t<\/div>\n\t\t\t\t\t\t\t\t\t<\/div>\n\t\t\t\t<\/div>\n\t\t\t\t<\/div>\n\t\t\t\t\t\t<\/div>\n\t\t\t\t\t<\/div>\n\t\t<\/div>\n\t\t\t\t\t\t\t\t<\/div>\n\t\t\t\t\t<\/div>\n\t\t<\/section>\n\t\t\t\t<section class=\"elementor-section elementor-top-section elementor-element elementor-element-227cffd elementor-section-boxed elementor-section-height-default elementor-section-height-default elementor-invisible\" data-id=\"227cffd\" data-element_type=\"section\" data-settings=\"{&quot;animation&quot;:&quot;fadeIn&quot;}\">\n\t\t\t\t\t\t<div class=\"elementor-container elementor-column-gap-default\">\n\t\t\t\t\t\t\t<div class=\"elementor-row\">\n\t\t\t\t\t<div class=\"elementor-column elementor-col-100 elementor-top-column elementor-element elementor-element-9405bb0\" data-id=\"9405bb0\" data-element_type=\"column\">\n\t\t\t<div class=\"elementor-column-wrap elementor-element-populated\">\n\t\t\t\t\t\t\t<div class=\"elementor-widget-wrap\">\n\t\t\t\t\t\t<div class=\"elementor-element elementor-element-786b922 elementor-align-center elementor-widget elementor-widget-button\" data-id=\"786b922\" data-element_type=\"widget\" data-widget_type=\"button.default\">\n\t\t\t\t<div class=\"elementor-widget-container\">\n\t\t\t\t\t<div class=\"elementor-button-wrapper\">\n\t\t\t<a href=\"https:\/\/rakterhutok.hu\/en\/references\/\" class=\"elementor-button-link elementor-button elementor-size-xl\" role=\"button\">\n\t\t\t\t\t\t<span class=\"elementor-button-content-wrapper\">\n\t\t\t\t\t\t<span class=\"elementor-button-text\">Gallery<\/span>\n\t\t<\/span>\n\t\t\t\t\t<\/a>\n\t\t<\/div>\n\t\t\t\t<\/div>\n\t\t\t\t<\/div>\n\t\t\t\t\t\t<\/div>\n\t\t\t\t\t<\/div>\n\t\t<\/div>\n\t\t\t\t\t\t\t\t<\/div>\n\t\t\t\t\t<\/div>\n\t\t<\/section>\n\t\t\t\t\t\t<\/div>\n\t\t\t\t\t\t<\/div>\n\t\t\t\t\t<\/div>","protected":false},"excerpt":{"rendered":"<p>Fel\u00e9p\u00edtm\u00e9nyek A dobozos aut\u00f3 nem v\u00e9letlen\u00fcl \u00f6rvend nagy n\u00e9pszer\u0171s\u00e9gnek. Hasznos t\u00e9rfogata l\u00e9nyegesen nagyobb, mint a furgonok\u00e9, tov\u00e1bb\u00e1 nagyobb m\u00e9rt\u00e9kben, a legapr\u00f3bb r\u00e9szletekig testreszabhat\u00f3. Amennyiben szeretn\u00e9 a j\u00e1rm\u0171kateg\u00f3ria m\u00e9rethat\u00e1rait maxim\u00e1lisan kihaszn\u00e1lni, ezt a konstrukci\u00f3t javasoljuk. K\u00edn\u00e1latunkban szerepelnek sz\u00e1raz\u00e1ru sz\u00e1ll\u00edt\u00e1s\u00e1ra alkalmas alum\u00edniumdozok \u00e9s h\u0151szigetelt, ak\u00e1r fagyaszt\u00e1sra is alkalmas v\u00e1ltozatok egyar\u00e1nt. A k\u00edv\u00e1nt m\u00e9retek pontosan meghat\u00e1rozhat\u00f3k, az elk\u00e9sz\u00fclt &hellip;<\/p>\n<p class=\"read-more\"> <a class=\"\" href=\"https:\/\/rakterhutok.hu\/en\/felepitmeny\/\"> <span class=\"screen-reader-text\">Box trucks<\/span>Read More &raquo;<\/a><\/p>","protected":false},"author":1,"featured_media":0,"parent":0,"menu_order":0,"comment_status":"closed","ping_status":"closed","template":"","meta":{"_monsterinsights_skip_tracking":false,"_monsterinsights_sitenote_active":false,"_monsterinsights_sitenote_note":"","_monsterinsights_sitenote_category":0,"ngg_post_thumbnail":0},"_links":{"self":[{"href":"https:\/\/rakterhutok.hu\/en\/wp-json\/wp\/v2\/pages\/123"}],"collection":[{"href":"https:\/\/rakterhutok.hu\/en\/wp-json\/wp\/v2\/pages"}],"about":[{"href":"https:\/\/rakterhutok.hu\/en\/wp-json\/wp\/v2\/types\/page"}],"author":[{"embeddable":true,"href":"https:\/\/rakterhutok.hu\/en\/wp-json\/wp\/v2\/users\/1"}],"replies":[{"embeddable":true,"href":"https:\/\/rakterhutok.hu\/en\/wp-json\/wp\/v2\/comments?post=123"}],"version-history":[{"count":43,"href":"https:\/\/rakterhutok.hu\/en\/wp-json\/wp\/v2\/pages\/123\/revisions"}],"predecessor-version":[{"id":1160,"href":"https:\/\/rakterhutok.hu\/en\/wp-json\/wp\/v2\/pages\/123\/revisions\/1160"}],"wp:attachment":[{"href":"https:\/\/rakterhutok.hu\/en\/wp-json\/wp\/v2\/media?parent=123"}],"curies":[{"name":"wp","href":"https:\/\/api.w.org\/{rel}","templated":true}]}}